{"id":2122,"date":"2024-09-20T11:36:17","date_gmt":"2024-09-20T03:36:17","guid":{"rendered":"http:\/\/www.cagri.net:8083\/?post_type=product&#038;p=2122"},"modified":"2024-10-16T15:10:44","modified_gmt":"2024-10-16T07:10:44","slug":"square-baler-cayq1950","status":"publish","type":"product","link":"http:\/\/www.cagri.com.cn\/es\/product\/square-baler-cayq1950\/","title":{"rendered":"Empacadora cuadrada CAYQ1950"},"content":{"rendered":"<p>Caracter\u00edsticas:<\/p>\n<ol>\n<li>Giro flexible, alta eficiencia de trabajo y empacado r\u00e1pido.<\/li>\n<li>El pist\u00f3n del disco de cuchilla est\u00e1 completamente sellado y es a prueba de polvo para lograr un buen rendimiento en las duras condiciones de fuertes vientos de arena.<\/li>\n<li>Los nudos se fabrican en Alemania, con las ventajas de una mayor estabilidad, una alta eficiencia de anudado y un mayor tiempo de servicio.<\/li>\n<li>La m\u00e1quina est\u00e1 equipada con tres dispositivos de seguridad, que le dar\u00e1n mayor protecci\u00f3n.<\/li>\n<li>Utilizando la recogida Spring Finger para mantener una alta eficiencia de trabajo.<\/li>\n<\/ol>\n<table border=\"1px solid black;\" width=\"100%\">\n<tbody>\n<tr class=\"firstRow\">\n<td colspan=\"2\">Modelo<\/td>\n<td>CAYQ1950\/9YFQ-2210<\/td>\n<\/tr>\n<tr>\n<td colspan=\"2\" rowspan=\"2\">Ancho de recogida de trabajo<\/td>\n<td>CAYQ1950: 1950mm<\/td>\n<\/tr>\n<tr>\n<td>9YFQ-2210: 2210mm<\/td>\n<\/tr>\n<tr>\n<td colspan=\"2\">Eficiencia laboral<\/td>\n<td>\u00a0 \u00a0 0.6-1.3ha\/h<\/td>\n<\/tr>\n<tr>\n<td>Dispositivo de alimentaci\u00f3n<\/td>\n<td>Estructura<\/td>\n<td>Tipo de manivela basculante; Cuatro tenedor de alimentaci\u00f3n<\/td>\n<\/tr>\n<tr>\n<td><\/td>\n<td>Protecci\u00f3n contra sobrecarga<\/td>\n<td>Perno de seguridad<\/td>\n<\/tr>\n<tr>\n<td rowspan=\"3\">Sala de empacado<\/td>\n<td>Secci\u00f3n transversal (Ancho*Alto)<\/td>\n<td>360*460mm2<\/td>\n<\/tr>\n<tr>\n<td>Densidad de paca<\/td>\n<td>120-180kg\/m3<\/td>\n<\/tr>\n<tr>\n<td>Longitud de la paca<\/td>\n<td>310-1300mm<\/td>\n<\/tr>\n<tr>\n<td>Dispositivo de alimentaci\u00f3n en espiral<\/td>\n<td>Velocidad de rotaci\u00f3n<\/td>\n<td>313r\/min<\/td>\n<\/tr>\n<tr>\n<td><\/td>\n<td>Protecci\u00f3n contra sobrecarga<\/td>\n<td>Deslizamiento del cintur\u00f3n<\/td>\n<\/tr>\n<tr>\n<td><\/td>\n<td>Di\u00e1metro de la barrena<\/td>\n<td>Di\u00e1metro exterior *320 mm<\/td>\n<\/tr>\n<tr>\n<td rowspan=\"2\">Dispositivo de compresi\u00f3n<\/td>\n<td>Tasa de trabajo<\/td>\n<td>100 veces\/por minuto<\/td>\n<\/tr>\n<tr>\n<td>Distancia de trabajo<\/td>\n<td>550mm<\/td>\n<\/tr>\n<tr>\n<td colspan=\"2\">Ancho de recogida de trabajo<\/td>\n<td>\u226525.7kw(35hp)<\/td>\n<\/tr>\n<tr>\n<td rowspan=\"2\">Estructura de empacado<\/td>\n<td>N\u00famero de cuerdas para empacar<\/td>\n<td>Seis bobinas<\/td>\n<\/tr>\n<tr>\n<td>N\u00famero de nudos<\/td>\n<td>Dos juegos<\/td>\n<\/tr>\n<tr>\n<td colspan=\"2\">Referirse a<\/td>\n<td>Tallo de trigo, paja, tallo de algod\u00f3n, tallo de canola, etc...<\/td>\n<\/tr>\n<\/tbody>\n<\/table>","protected":false},"excerpt":{"rendered":"<p>Features: Flexible turning, high working efficiency and fast baling. The piston of blade disc is full sealed and dust-proof to [&hellip;]<\/p>","protected":false},"featured_media":228,"comment_status":"open","ping_status":"closed","template":"","meta":{"site-sidebar-layout":"default","site-content-layout":"","ast-site-content-layout":"default","site-content-style":"default","site-sidebar-style":"default","ast-global-header-display":"","ast-banner-title-visibility":"","ast-main-header-display":"","ast-hfb-above-header-display":"","ast-hfb-below-header-display":"","ast-hfb-mobile-header-display":"","site-post-title":"","ast-breadcrumbs-content":"","ast-featured-img":"","footer-sml-layout":"","theme-transparent-header-meta":"default","adv-header-id-meta":"","stick-header-meta":"","header-above-stick-meta":"","header-main-stick-meta":"","header-below-stick-meta":"","astra-migrate-meta-layouts":"set","ast-page-background-enabled":"default","ast-page-background-meta":{"desktop":{"background-color":"var(--ast-global-color-4)","background-image":"","background-repeat":"repeat","background-position":"center center","background-size":"auto","background-attachment":"scroll","background-type":"","background-media":"","overlay-type":"","overlay-color":"","overlay-opacity":"","overlay-gradient":""},"tablet":{"background-color":"","background-image":"","background-repeat":"repeat","background-position":"center center","background-size":"auto","background-attachment":"scroll","background-type":"","background-media":"","overlay-type":"","overlay-color":"","overlay-opacity":"","overlay-gradient":""},"mobile":{"background-color":"","background-image":"","background-repeat":"repeat","background-position":"center center","background-size":"auto","background-attachment":"scroll","background-type":"","background-media":"","overlay-type":"","overlay-color":"","overlay-opacity":"","overlay-gradient":""}},"ast-content-background-meta":{"desktop":{"background-color":"var(--ast-global-color-5)","background-image":"","background-repeat":"repeat","background-position":"center center","background-size":"auto","background-attachment":"scroll","background-type":"","background-media":"","overlay-type":"","overlay-color":"","overlay-opacity":"","overlay-gradient":""},"tablet":{"background-color":"var(--ast-global-color-5)","background-image":"","background-repeat":"repeat","background-position":"center center","background-size":"auto","background-attachment":"scroll","background-type":"","background-media":"","overlay-type":"","overlay-color":"","overlay-opacity":"","overlay-gradient":""},"mobile":{"background-color":"var(--ast-global-color-5)","background-image":"","background-repeat":"repeat","background-position":"center center","background-size":"auto","background-attachment":"scroll","background-type":"","background-media":"","overlay-type":"","overlay-color":"","overlay-opacity":"","overlay-gradient":""}}},"product_cat":[20],"product_tag":[],"class_list":{"0":"post-2122","1":"product","2":"type-product","3":"status-publish","4":"has-post-thumbnail","6":"product_cat-baler","7":"desktop-align-left","8":"tablet-align-left","9":"mobile-align-left","11":"first","12":"instock","13":"shipping-taxable","14":"product-type-simple"},"yoast_head":"<!-- This site is optimized with the Yoast SEO Premium plugin v22.5 (Yoast SEO v23.5) - https:\/\/yoast.com\/wordpress\/plugins\/seo\/ -->\r\n<title>Square Baler CAYQ1950 - Leading Agricultural Machinery Manufacturer - CAGRI<\/title>\r\n<meta name=\"robots\" content=\"index, follow, max-snippet:-1, max-image-preview:large, max-video-preview:-1\" \/>\r\n<link rel=\"canonical\" href=\"http:\/\/www.cagri.com.cn\/es\/producto\/square-baler-cayq1950\/\" \/>\r\n<meta property=\"og:locale\" content=\"es_ES\" \/>\r\n<meta property=\"og:type\" content=\"article\" \/>\r\n<meta property=\"og:title\" content=\"Square Baler CAYQ1950\" \/>\r\n<meta property=\"og:description\" content=\"Features: Flexible turning, high working efficiency and fast baling. The piston of blade disc is full sealed and dust-proof to [&hellip;]\" \/>\r\n<meta property=\"og:url\" content=\"http:\/\/www.cagri.com.cn\/es\/producto\/square-baler-cayq1950\/\" \/>\r\n<meta property=\"og:site_name\" content=\"Leading Agricultural Machinery Manufacturer - CAGRI\" \/>\r\n<meta property=\"article:modified_time\" content=\"2024-10-16T07:10:44+00:00\" \/>\r\n<meta property=\"og:image\" content=\"http:\/\/www.cagri.com.cn\/wp-content\/uploads\/2024\/09\/201504201138377785.webp\" \/>\r\n\t<meta property=\"og:image:width\" content=\"800\" \/>\r\n\t<meta property=\"og:image:height\" content=\"617\" \/>\r\n\t<meta property=\"og:image:type\" content=\"image\/webp\" \/>\r\n<meta name=\"twitter:card\" content=\"summary_large_image\" \/>\r\n<meta name=\"twitter:label1\" content=\"Tiempo de lectura\" \/>\n\t<meta name=\"twitter:data1\" content=\"1 minuto\" \/>\r\n<script type=\"application\/ld+json\" class=\"yoast-schema-graph\">{\"@context\":\"https:\/\/schema.org\",\"@graph\":[{\"@type\":\"WebPage\",\"@id\":\"http:\/\/www.cagri.com.cn\/product\/square-baler-cayq1950\/\",\"url\":\"http:\/\/www.cagri.com.cn\/product\/square-baler-cayq1950\/\",\"name\":\"Square Baler CAYQ1950 - Leading Agricultural Machinery Manufacturer - CAGRI\",\"isPartOf\":{\"@id\":\"http:\/\/www.cagri.com.cn\/#website\"},\"primaryImageOfPage\":{\"@id\":\"http:\/\/www.cagri.com.cn\/product\/square-baler-cayq1950\/#primaryimage\"},\"image\":{\"@id\":\"http:\/\/www.cagri.com.cn\/product\/square-baler-cayq1950\/#primaryimage\"},\"thumbnailUrl\":\"http:\/\/www.cagri.com.cn\/wp-content\/uploads\/2024\/09\/201504201138377785.webp\",\"datePublished\":\"2024-09-20T03:36:17+00:00\",\"dateModified\":\"2024-10-16T07:10:44+00:00\",\"breadcrumb\":{\"@id\":\"http:\/\/www.cagri.com.cn\/product\/square-baler-cayq1950\/#breadcrumb\"},\"inLanguage\":\"es\",\"potentialAction\":[{\"@type\":\"ReadAction\",\"target\":[\"http:\/\/www.cagri.com.cn\/product\/square-baler-cayq1950\/\"]}]},{\"@type\":\"ImageObject\",\"inLanguage\":\"es\",\"@id\":\"http:\/\/www.cagri.com.cn\/product\/square-baler-cayq1950\/#primaryimage\",\"url\":\"http:\/\/www.cagri.com.cn\/wp-content\/uploads\/2024\/09\/201504201138377785.webp\",\"contentUrl\":\"http:\/\/www.cagri.com.cn\/wp-content\/uploads\/2024\/09\/201504201138377785.webp\",\"width\":800,\"height\":617},{\"@type\":\"BreadcrumbList\",\"@id\":\"http:\/\/www.cagri.com.cn\/product\/square-baler-cayq1950\/#breadcrumb\",\"itemListElement\":[{\"@type\":\"ListItem\",\"position\":1,\"name\":\"Home\",\"item\":\"http:\/\/www.cagri.com.cn\/\"},{\"@type\":\"ListItem\",\"position\":2,\"name\":\"Products\",\"item\":\"http:\/\/www.cagri.com.cn\/shop\/\"},{\"@type\":\"ListItem\",\"position\":3,\"name\":\"Square Baler CAYQ1950\"}]},{\"@type\":\"WebSite\",\"@id\":\"http:\/\/www.cagri.com.cn\/#website\",\"url\":\"http:\/\/www.cagri.com.cn\/\",\"name\":\"Leading Agricultural Machinery Manufacturer - CAGRI\",\"description\":\"\",\"publisher\":{\"@id\":\"http:\/\/www.cagri.com.cn\/#organization\"},\"potentialAction\":[{\"@type\":\"SearchAction\",\"target\":{\"@type\":\"EntryPoint\",\"urlTemplate\":\"http:\/\/www.cagri.com.cn\/?s={search_term_string}\"},\"query-input\":{\"@type\":\"PropertyValueSpecification\",\"valueRequired\":true,\"valueName\":\"search_term_string\"}}],\"inLanguage\":\"es\"},{\"@type\":\"Organization\",\"@id\":\"http:\/\/www.cagri.com.cn\/#organization\",\"name\":\"JIANGSU WALLONG-HSIN MACHINERY ENGINEERING CORPORATION LTD.\",\"url\":\"http:\/\/www.cagri.com.cn\/\",\"logo\":{\"@type\":\"ImageObject\",\"inLanguage\":\"es\",\"@id\":\"http:\/\/www.cagri.com.cn\/#\/schema\/logo\/image\/\",\"url\":\"http:\/\/www.cagri.com.cn\/wp-content\/uploads\/2024\/09\/logo.png\",\"contentUrl\":\"http:\/\/www.cagri.com.cn\/wp-content\/uploads\/2024\/09\/logo.png\",\"width\":678,\"height\":81,\"caption\":\"JIANGSU WALLONG-HSIN MACHINERY ENGINEERING CORPORATION LTD.\"},\"image\":{\"@id\":\"http:\/\/www.cagri.com.cn\/#\/schema\/logo\/image\/\"}}]}<\/script>\r\n<!-- \/ Yoast SEO Premium plugin. -->","yoast_head_json":{"title":"Square Baler CAYQ1950 - Leading Agricultural Machinery Manufacturer - CAGRI","robots":{"index":"index","follow":"follow","max-snippet":"max-snippet:-1","max-image-preview":"max-image-preview:large","max-video-preview":"max-video-preview:-1"},"canonical":"http:\/\/www.cagri.com.cn\/es\/producto\/square-baler-cayq1950\/","og_locale":"es_ES","og_type":"article","og_title":"Square Baler CAYQ1950","og_description":"Features: Flexible turning, high working efficiency and fast baling. The piston of blade disc is full sealed and dust-proof to [&hellip;]","og_url":"http:\/\/www.cagri.com.cn\/es\/producto\/square-baler-cayq1950\/","og_site_name":"Leading Agricultural Machinery Manufacturer - CAGRI","article_modified_time":"2024-10-16T07:10:44+00:00","og_image":[{"width":800,"height":617,"url":"http:\/\/www.cagri.com.cn\/wp-content\/uploads\/2024\/09\/201504201138377785.webp","type":"image\/webp"}],"twitter_card":"summary_large_image","twitter_misc":{"Tiempo de lectura":"1 minuto"},"schema":{"@context":"https:\/\/schema.org","@graph":[{"@type":"WebPage","@id":"http:\/\/www.cagri.com.cn\/product\/square-baler-cayq1950\/","url":"http:\/\/www.cagri.com.cn\/product\/square-baler-cayq1950\/","name":"Square Baler CAYQ1950 - Leading Agricultural Machinery Manufacturer - CAGRI","isPartOf":{"@id":"http:\/\/www.cagri.com.cn\/#website"},"primaryImageOfPage":{"@id":"http:\/\/www.cagri.com.cn\/product\/square-baler-cayq1950\/#primaryimage"},"image":{"@id":"http:\/\/www.cagri.com.cn\/product\/square-baler-cayq1950\/#primaryimage"},"thumbnailUrl":"http:\/\/www.cagri.com.cn\/wp-content\/uploads\/2024\/09\/201504201138377785.webp","datePublished":"2024-09-20T03:36:17+00:00","dateModified":"2024-10-16T07:10:44+00:00","breadcrumb":{"@id":"http:\/\/www.cagri.com.cn\/product\/square-baler-cayq1950\/#breadcrumb"},"inLanguage":"es","potentialAction":[{"@type":"ReadAction","target":["http:\/\/www.cagri.com.cn\/product\/square-baler-cayq1950\/"]}]},{"@type":"ImageObject","inLanguage":"es","@id":"http:\/\/www.cagri.com.cn\/product\/square-baler-cayq1950\/#primaryimage","url":"http:\/\/www.cagri.com.cn\/wp-content\/uploads\/2024\/09\/201504201138377785.webp","contentUrl":"http:\/\/www.cagri.com.cn\/wp-content\/uploads\/2024\/09\/201504201138377785.webp","width":800,"height":617},{"@type":"BreadcrumbList","@id":"http:\/\/www.cagri.com.cn\/product\/square-baler-cayq1950\/#breadcrumb","itemListElement":[{"@type":"ListItem","position":1,"name":"Home","item":"http:\/\/www.cagri.com.cn\/"},{"@type":"ListItem","position":2,"name":"Products","item":"http:\/\/www.cagri.com.cn\/shop\/"},{"@type":"ListItem","position":3,"name":"Square Baler CAYQ1950"}]},{"@type":"WebSite","@id":"http:\/\/www.cagri.com.cn\/#website","url":"http:\/\/www.cagri.com.cn\/","name":"Leading Agricultural Machinery Manufacturer - CAGRI","description":"","publisher":{"@id":"http:\/\/www.cagri.com.cn\/#organization"},"potentialAction":[{"@type":"SearchAction","target":{"@type":"EntryPoint","urlTemplate":"http:\/\/www.cagri.com.cn\/?s={search_term_string}"},"query-input":{"@type":"PropertyValueSpecification","valueRequired":true,"valueName":"search_term_string"}}],"inLanguage":"es"},{"@type":"Organization","@id":"http:\/\/www.cagri.com.cn\/#organization","name":"JIANGSU WALLONG-HSIN MACHINERY ENGINEERING CORPORATION LTD.","url":"http:\/\/www.cagri.com.cn\/","logo":{"@type":"ImageObject","inLanguage":"es","@id":"http:\/\/www.cagri.com.cn\/#\/schema\/logo\/image\/","url":"http:\/\/www.cagri.com.cn\/wp-content\/uploads\/2024\/09\/logo.png","contentUrl":"http:\/\/www.cagri.com.cn\/wp-content\/uploads\/2024\/09\/logo.png","width":678,"height":81,"caption":"JIANGSU WALLONG-HSIN MACHINERY ENGINEERING CORPORATION LTD."},"image":{"@id":"http:\/\/www.cagri.com.cn\/#\/schema\/logo\/image\/"}}]}},"_links":{"self":[{"href":"http:\/\/www.cagri.com.cn\/es\/wp-json\/wp\/v2\/product\/2122","targetHints":{"allow":["GET"]}}],"collection":[{"href":"http:\/\/www.cagri.com.cn\/es\/wp-json\/wp\/v2\/product"}],"about":[{"href":"http:\/\/www.cagri.com.cn\/es\/wp-json\/wp\/v2\/types\/product"}],"replies":[{"embeddable":true,"href":"http:\/\/www.cagri.com.cn\/es\/wp-json\/wp\/v2\/comments?post=2122"}],"version-history":[{"count":1,"href":"http:\/\/www.cagri.com.cn\/es\/wp-json\/wp\/v2\/product\/2122\/revisions"}],"predecessor-version":[{"id":2408,"href":"http:\/\/www.cagri.com.cn\/es\/wp-json\/wp\/v2\/product\/2122\/revisions\/2408"}],"wp:featuredmedia":[{"embeddable":true,"href":"http:\/\/www.cagri.com.cn\/es\/wp-json\/wp\/v2\/media\/228"}],"wp:attachment":[{"href":"http:\/\/www.cagri.com.cn\/es\/wp-json\/wp\/v2\/media?parent=2122"}],"wp:term":[{"taxonomy":"product_cat","embeddable":true,"href":"http:\/\/www.cagri.com.cn\/es\/wp-json\/wp\/v2\/product_cat?post=2122"},{"taxonomy":"product_tag","embeddable":true,"href":"http:\/\/www.cagri.com.cn\/es\/wp-json\/wp\/v2\/product_tag?post=2122"}],"curies":[{"name":"wp","href":"https:\/\/api.w.org\/{rel}","templated":true}]}}